{"id":1343,"date":"2017-12-15T22:09:17","date_gmt":"2017-12-15T22:09:17","guid":{"rendered":"https:\/\/stoller.com.tr\/haberler\/"},"modified":"2020-06-08T10:00:45","modified_gmt":"2020-06-08T10:00:45","slug":"haberler","status":"publish","type":"page","link":"https:\/\/stoller.com.tr\/ru\/haberler\/","title":{"rendered":"\u041d\u041e\u0412\u041e\u0421\u0422\u0418"},"content":{"rendered":"\t\t<div data-elementor-type=\"wp-page\" data-elementor-id=\"1343\" class=\"elementor elementor-1343\">\n\t\t\t\t\t\t<section class=\"has_ae_slider elementor-section elementor-top-section elementor-element elementor-element-d9cb503 elementor-section-boxed elementor-section-height-default elementor-section-height-default ae-bg-gallery-type-default\" data-id=\"d9cb503\" data-element_type=\"section\">\n\t\t\t\t\t\t<div class=\"elementor-container elementor-column-gap-default\">\n\t\t\t\t\t<div class=\"has_ae_slider elementor-column elementor-col-100 elementor-top-column elementor-element elementor-element-0ae406b ae-bg-gallery-type-default\" data-id=\"0ae406b\" data-element_type=\"column\">\n\t\t\t<div class=\"elementor-widget-wrap elementor-element-populated\">\n\t\t\t\t\t\t<div class=\"elementor-element elementor-element-74b1d9b elementor-grid-3 elementor-grid-tablet-2 elementor-grid-mobile-1 elementor-posts--thumbnail-top elementor-card-shadow-yes elementor-posts__hover-gradient elementor-widget elementor-widget-posts\" data-id=\"74b1d9b\" data-element_type=\"widget\" data-settings=\"{&quot;pagination_type&quot;:&quot;numbers&quot;,&quot;cards_columns&quot;:&quot;3&quot;,&quot;cards_columns_tablet&quot;:&quot;2&quot;,&quot;cards_columns_mobile&quot;:&quot;1&quot;,&quot;cards_row_gap&quot;:{&quot;unit&quot;:&quot;px&quot;,&quot;size&quot;:35,&quot;sizes&quot;:[]},&quot;cards_row_gap_tablet&quot;:{&quot;unit&quot;:&quot;px&quot;,&quot;size&quot;:&quot;&quot;,&quot;sizes&quot;:[]},&quot;cards_row_gap_mobile&quot;:{&quot;unit&quot;:&quot;px&quot;,&quot;size&quot;:&quot;&quot;,&quot;sizes&quot;:[]}}\" data-widget_type=\"posts.cards\">\n\t\t\t\t<div class=\"elementor-widget-container\">\n\t\t\t\t\t\t\t<div class=\"elementor-posts-container elementor-posts elementor-posts--skin-cards elementor-grid\">\n\t\t\t\t<article class=\"elementor-post elementor-grid-item post-2096 post type-post status-publish format-standard has-post-thumbnail hentry category-57\">\n\t\t\t<div class=\"elementor-post__card\">\n\t\t\t\t<a class=\"elementor-post__thumbnail__link\" href=\"https:\/\/stoller.com.tr\/ru\/%d1%84%d1%80%d1%83%d0%ba%d1%82%d0%be%d0%b2%d1%8b%d0%b5-%d1%81%d0%b0%d0%b4%d1%8b\/\" ><div class=\"elementor-post__thumbnail\"><img fetchpriority=\"high\" decoding=\"async\" width=\"255\" height=\"255\" src=\"https:\/\/stoller.com.tr\/wp-content\/uploads\/meyve-bahceleri-255x255.jpg\" class=\"attachment-medium size-medium wp-image-948\" alt=\"\" srcset=\"https:\/\/stoller.com.tr\/wp-content\/uploads\/meyve-bahceleri-255x255.jpg 255w, https:\/\/stoller.com.tr\/wp-content\/uploads\/meyve-bahceleri-600x600.jpg 600w, https:\/\/stoller.com.tr\/wp-content\/uploads\/meyve-bahceleri.jpg 640w\" sizes=\"(max-width: 255px) 100vw, 255px\" \/><\/div><\/a>\n\t\t\t\t<div class=\"elementor-post__badge\">\u0440\u0430\u0441\u0442\u0435\u043d\u0438\u044f<\/div>\n\t\t\t\t<div class=\"elementor-post__text\">\n\t\t\t\t<h3 class=\"elementor-post__title\">\n\t\t\t<a href=\"https:\/\/stoller.com.tr\/ru\/%d1%84%d1%80%d1%83%d0%ba%d1%82%d0%be%d0%b2%d1%8b%d0%b5-%d1%81%d0%b0%d0%b4%d1%8b\/\" >\n\t\t\t\t\u0424\u0420\u0423\u041a\u0422\u041e\u0412\u042b\u0415 \u0421\u0410\u0414\u042b\t\t\t<\/a>\n\t\t<\/h3>\n\t\t\t\t<div class=\"elementor-post__excerpt\">\n\t\t\t<p>\u0424\u0440\u0443\u043a\u0442\u043e\u0432\u044b\u0435 \u0421\u0430\u0434\u044b \u0424\u0440\u0443\u043a\u0442\u044b \u0441 \u0438\u0445 \u043a\u0430\u043b\u043e\u0440\u0438\u0439\u043d\u043e\u0441\u0442\u044c\u044e, \u0432\u0438\u0442\u0430\u043c\u0438\u043d\u0430\u043c\u0438, \u043c\u0438\u043d\u0435\u0440\u0430\u043b\u0430\u043c\u0438 \u0438 \u0431\u043b\u0430\u0433\u043e\u0434\u0430\u0440\u044f \u0438\u0445 \u043a\u0440\u0430\u0441\u0438\u0432\u043e\u043c\u0443 \u0432\u043d\u0435\u0448\u043d\u0435\u043c\u0443 \u0432\u0438\u0434\u0443 \u0438\u0437-\u0437\u0430 \u0438\u0445 \u0432\u043e\u0437\u0434\u0435\u0439\u0441\u0442\u0432\u0438\u044f \u043d\u0430 \u0430\u043f\u043f\u0435\u0442\u0438\u0442 \u0438\u043c\u0435\u044e\u0442 \u043e\u0447\u0435\u043d\u044c \u0432\u0430\u0436\u043d\u043e\u0435 \u043c\u0435\u0441\u0442\u043e \u0432 \u043d\u0430\u0448\u0435\u043c<\/p>\n\t\t<\/div>\n\t\t\n\t\t<a class=\"elementor-post__read-more\" href=\"https:\/\/stoller.com.tr\/ru\/%d1%84%d1%80%d1%83%d0%ba%d1%82%d0%be%d0%b2%d1%8b%d0%b5-%d1%81%d0%b0%d0%b4%d1%8b\/\" >\n\t\t\tRead More \u00bb\t\t<\/a>\n\n\t\t\t\t<\/div>\n\t\t\t\t\t<\/div>\n\t\t<\/article>\n\t\t\t\t<article class=\"elementor-post elementor-grid-item post-2051 post type-post status-publish format-standard has-post-thumbnail hentry category-57\">\n\t\t\t<div class=\"elementor-post__card\">\n\t\t\t\t<a class=\"elementor-post__thumbnail__link\" href=\"https:\/\/stoller.com.tr\/ru\/%d0%bf%d1%80%d0%b8%d0%bc%d0%b5%d0%bd%d0%b5%d0%bd%d0%b8%d1%8f-%d0%bf%d0%be%d0%bc%d0%b8%d0%b4%d0%be%d1%80%d0%be%d0%b2\/\" ><div class=\"elementor-post__thumbnail\"><img decoding=\"async\" width=\"255\" height=\"255\" src=\"https:\/\/stoller.com.tr\/wp-content\/uploads\/sera-domates-255x255.jpg\" class=\"attachment-medium size-medium wp-image-952\" alt=\"\" srcset=\"https:\/\/stoller.com.tr\/wp-content\/uploads\/sera-domates-255x255.jpg 255w, https:\/\/stoller.com.tr\/wp-content\/uploads\/sera-domates-600x600.jpg 600w, https:\/\/stoller.com.tr\/wp-content\/uploads\/sera-domates.jpg 640w\" sizes=\"(max-width: 255px) 100vw, 255px\" \/><\/div><\/a>\n\t\t\t\t<div class=\"elementor-post__badge\">\u0440\u0430\u0441\u0442\u0435\u043d\u0438\u044f<\/div>\n\t\t\t\t<div class=\"elementor-post__text\">\n\t\t\t\t<h3 class=\"elementor-post__title\">\n\t\t\t<a href=\"https:\/\/stoller.com.tr\/ru\/%d0%bf%d1%80%d0%b8%d0%bc%d0%b5%d0%bd%d0%b5%d0%bd%d0%b8%d1%8f-%d0%bf%d0%be%d0%bc%d0%b8%d0%b4%d0%be%d1%80%d0%be%d0%b2\/\" >\n\t\t\t\t\u041f\u0420\u0418\u041c\u0415\u041d\u0415\u041d\u0418\u042f \u041f\u041e\u041c\u0418\u0414\u041e\u0420\u041e\u0412\t\t\t<\/a>\n\t\t<\/h3>\n\t\t\t\t<div class=\"elementor-post__excerpt\">\n\t\t\t<p>\u0411\u043b\u0430\u0433\u043e\u0434\u0430\u0440\u044f \u0441\u0432\u043e\u0438\u043c \u0434\u0435\u0448\u0435\u0432\u044b\u043c \u0446\u0435\u043d\u0430\u043c \u0438 \u043e\u0431\u0438\u043b\u044c\u043d\u044b\u043c \u0432\u0438\u0442\u0430\u043c\u0438\u043d\u0430\u043c, \u043f\u043e\u043c\u0438\u0434\u043e\u0440\u044b \u044f\u0432\u043b\u044f\u044e\u0442\u0441\u044f \u043d\u0430\u0438\u0431\u043e\u043b\u0435\u0435 \u043f\u0440\u043e\u0438\u0437\u0432\u043e\u0434\u0438\u043c\u044b\u043c\u0438 \u043e\u0432\u043e\u0449\u0430\u043c\u0438 \u0432\u043e \u043c\u043d\u043e\u0433\u0438\u0445 \u0441\u0442\u0440\u0430\u043d\u0430\u0445 \u043c\u0438\u0440\u0430 \u0431\u043b\u0430\u0433\u043e\u0434\u0430\u0440\u044f \u0441\u0432\u043e\u0435\u043c\u0443 \u043f\u0438\u0442\u0430\u0442\u0435\u043b\u044c\u043d\u043e\u043c\u0443 \u0438 \u0432\u043a\u0443\u0441\u043d\u043e\u043c\u0443 \u0445\u0430\u0440\u0430\u043a\u0442\u0435\u0440\u0443. \u042d\u0442\u043e \u0441\u043a\u0438\u043f\u0438\u0434\u0430\u0440\u043d\u044b\u0439 \u043e\u0432\u043e\u0449<\/p>\n\t\t<\/div>\n\t\t\n\t\t<a class=\"elementor-post__read-more\" href=\"https:\/\/stoller.com.tr\/ru\/%d0%bf%d1%80%d0%b8%d0%bc%d0%b5%d0%bd%d0%b5%d0%bd%d0%b8%d1%8f-%d0%bf%d0%be%d0%bc%d0%b8%d0%b4%d0%be%d1%80%d0%be%d0%b2\/\" >\n\t\t\tRead More \u00bb\t\t<\/a>\n\n\t\t\t\t<\/div>\n\t\t\t\t\t<\/div>\n\t\t<\/article>\n\t\t\t\t<article class=\"elementor-post elementor-grid-item post-1441 post type-post status-publish format-standard hentry category-49\">\n\t\t\t<div class=\"elementor-post__card\">\n\t\t\t\t<div class=\"elementor-post__text\">\n\t\t\t\t<h3 class=\"elementor-post__title\">\n\t\t\t<a href=\"https:\/\/stoller.com.tr\/ru\/stoller-akademi-turkiye-toplantisi\/\" >\n\t\t\t\tStoller Akademi T\u00fcrkiye Toplant\u0131s\u0131\t\t\t<\/a>\n\t\t<\/h3>\n\t\t\t\t<div class=\"elementor-post__excerpt\">\n\t\t\t<p>Stoller Akademi T\u00fcrkiye Toplant\u0131s\u0131 &nbsp;<\/p>\n\t\t<\/div>\n\t\t\n\t\t<a class=\"elementor-post__read-more\" href=\"https:\/\/stoller.com.tr\/ru\/stoller-akademi-turkiye-toplantisi\/\" >\n\t\t\tRead More \u00bb\t\t<\/a>\n\n\t\t\t\t<\/div>\n\t\t\t\t\t<\/div>\n\t\t<\/article>\n\t\t\t\t<article class=\"elementor-post elementor-grid-item post-1426 post type-post status-publish format-standard has-post-thumbnail hentry category-57\">\n\t\t\t<div class=\"elementor-post__card\">\n\t\t\t\t<a class=\"elementor-post__thumbnail__link\" href=\"https:\/\/stoller.com.tr\/ru\/patates-uygulamalari\/\" ><div class=\"elementor-post__thumbnail\"><img decoding=\"async\" width=\"255\" height=\"255\" src=\"https:\/\/stoller.com.tr\/wp-content\/uploads\/patates-255x255.jpeg\" class=\"attachment-medium size-medium wp-image-1250\" alt=\"\" srcset=\"https:\/\/stoller.com.tr\/wp-content\/uploads\/patates-255x255.jpeg 255w, https:\/\/stoller.com.tr\/wp-content\/uploads\/patates.jpeg 500w\" sizes=\"(max-width: 255px) 100vw, 255px\" \/><\/div><\/a>\n\t\t\t\t<div class=\"elementor-post__badge\">\u0440\u0430\u0441\u0442\u0435\u043d\u0438\u044f<\/div>\n\t\t\t\t<div class=\"elementor-post__text\">\n\t\t\t\t<h3 class=\"elementor-post__title\">\n\t\t\t<a href=\"https:\/\/stoller.com.tr\/ru\/patates-uygulamalari\/\" >\n\t\t\t\t\u041f\u0420\u0418\u041c\u0415\u041d\u0415\u041d\u0418\u0415 \u041a\u0410\u0420\u0422\u041e\u0428\u041a\u0418\t\t\t<\/a>\n\t\t<\/h3>\n\t\t\t\t<div class=\"elementor-post__excerpt\">\n\t\t\t<p>Patates Uygulamalar\u0131 \u00a0 \u041a\u0430\u0440\u0442\u043e\u0444\u0435\u043b\u044c &#8211; \u043e\u0434\u043d\u043e\u043b\u0435\u0442\u043d\u043e\u0435 \u043a\u0443\u043b\u044c\u0442\u0443\u0440\u043d\u043e\u0435 \u0440\u0430\u0441\u0442\u0435\u043d\u0438\u0435 ; \u043a\u0430\u0440\u0442\u043e\u0444\u0435\u043b\u044c\u043d\u044b\u0439 \u043a\u0440\u0430\u0445\u043c\u0430\u043b, \u0441\u043e\u0434\u0435\u0440\u0436\u0430\u0449\u0438\u0439 \u0432\u0430\u0436\u043d\u044b\u0435 \u043f\u0438\u0442\u0430\u0442\u0435\u043b\u044c\u043d\u044b\u0435 \u0432\u0435\u0449\u0435\u0441\u0442\u0432\u0430, \u0442\u0430\u043a\u0438\u0435 \u043a\u0430\u043a \u0443\u0433\u043b\u0435\u0432\u043e\u0434, \u0431\u0435\u043b\u043e\u043a, \u0432\u0438\u0442\u0430\u043c\u0438\u043d\u044b \u0438 Fe, \u043f\u043e\u0442\u0440\u0435\u0431\u043b\u044f\u0435\u0442\u0441\u044f \u0432 \u0440\u0430\u0437\u043b\u0438\u0447\u043d\u044b\u0445<\/p>\n\t\t<\/div>\n\t\t\n\t\t<a class=\"elementor-post__read-more\" href=\"https:\/\/stoller.com.tr\/ru\/patates-uygulamalari\/\" >\n\t\t\tRead More \u00bb\t\t<\/a>\n\n\t\t\t\t<\/div>\n\t\t\t\t\t<\/div>\n\t\t<\/article>\n\t\t\t\t<article class=\"elementor-post elementor-grid-item post-1417 post type-post status-publish format-standard has-post-thumbnail hentry category-57\">\n\t\t\t<div class=\"elementor-post__card\">\n\t\t\t\t<a class=\"elementor-post__thumbnail__link\" href=\"https:\/\/stoller.com.tr\/ru\/misir-uygulamalari\/\" ><div class=\"elementor-post__thumbnail\"><img loading=\"lazy\" decoding=\"async\" width=\"255\" height=\"255\" src=\"https:\/\/stoller.com.tr\/wp-content\/uploads\/misir-1-255x255.jpg\" class=\"attachment-medium size-medium wp-image-1249\" alt=\"\" srcset=\"https:\/\/stoller.com.tr\/wp-content\/uploads\/misir-1-255x255.jpg 255w, https:\/\/stoller.com.tr\/wp-content\/uploads\/misir-1.jpg 500w\" sizes=\"(max-width: 255px) 100vw, 255px\" \/><\/div><\/a>\n\t\t\t\t<div class=\"elementor-post__badge\">\u0440\u0430\u0441\u0442\u0435\u043d\u0438\u044f<\/div>\n\t\t\t\t<div class=\"elementor-post__text\">\n\t\t\t\t<h3 class=\"elementor-post__title\">\n\t\t\t<a href=\"https:\/\/stoller.com.tr\/ru\/misir-uygulamalari\/\" >\n\t\t\t\t\u041f\u0420\u0418\u041c\u0415\u041d\u0415\u041d\u0418\u0415 \u041a\u0423\u041a\u0423\u0420\u0423\u0417\u042b\t\t\t<\/a>\n\t\t<\/h3>\n\t\t\t\t<div class=\"elementor-post__excerpt\">\n\t\t\t<p>M\u0131s\u0131r Uygulamalar\u0131 \u0425\u0430\u0440\u0430\u043a\u0442\u0435\u0440\u0438\u0441\u0442\u0438\u043a\u0438 \u043f\u043e\u0447\u0432\u044b \u044f\u0432\u043b\u044f\u044e\u0442\u0441\u044f \u043a\u0440\u0430\u0435\u0443\u0433\u043e\u043b\u044c\u043d\u044b\u043c \u043a\u0430\u043c\u043d\u0435\u043c \u043f\u0440\u043e\u0438\u0437\u0432\u043e\u0434\u0441\u0442\u0432\u0430 \u043a\u0443\u043a\u0443\u0440\u0443\u0437\u044b. \u0421\u0440\u0430\u0437\u0443 \u043f\u043e\u0441\u043b\u0435 \u043d\u0430\u043b\u0438\u0447\u0438\u044f \u043f\u043e\u0447\u0432\u044b \u043f\u043e\u0434\u0433\u043e\u0442\u043e\u0432\u043a\u0430 \u043f\u043e\u0447\u0432\u044b \u0434\u043e \u043f\u043b\u0430\u043d\u0442\u0430\u0446\u0438\u0438 \u043d\u0430\u043f\u0440\u044f\u043c\u0443\u044e \u0432\u043b\u0438\u044f\u0435\u0442 \u043d\u0430 \u0443\u0440\u043e\u0436\u0430\u0439\u043d\u043e\u0441\u0442\u044c \u0438 \u043a\u0430\u0447\u0435\u0441\u0442\u0432\u043e \u043f\u043e\u0447\u0432\u044b. \u0425\u043e\u0440\u043e\u0448\u0430\u044f<\/p>\n\t\t<\/div>\n\t\t\n\t\t<a class=\"elementor-post__read-more\" href=\"https:\/\/stoller.com.tr\/ru\/misir-uygulamalari\/\" >\n\t\t\tRead More \u00bb\t\t<\/a>\n\n\t\t\t\t<\/div>\n\t\t\t\t\t<\/div>\n\t\t<\/article>\n\t\t\t\t<article class=\"elementor-post elementor-grid-item post-1390 post type-post status-publish format-standard has-post-thumbnail hentry category-57\">\n\t\t\t<div class=\"elementor-post__card\">\n\t\t\t\t<a class=\"elementor-post__thumbnail__link\" href=\"https:\/\/stoller.com.tr\/ru\/bag-uygulamalari\/\" ><div class=\"elementor-post__thumbnail\"><img loading=\"lazy\" decoding=\"async\" width=\"255\" height=\"255\" src=\"https:\/\/stoller.com.tr\/wp-content\/uploads\/bag-1-255x255.jpg\" class=\"attachment-medium size-medium wp-image-955\" alt=\"\" srcset=\"https:\/\/stoller.com.tr\/wp-content\/uploads\/bag-1-255x255.jpg 255w, https:\/\/stoller.com.tr\/wp-content\/uploads\/bag-1-600x600.jpg 600w, https:\/\/stoller.com.tr\/wp-content\/uploads\/bag-1.jpg 640w\" sizes=\"(max-width: 255px) 100vw, 255px\" \/><\/div><\/a>\n\t\t\t\t<div class=\"elementor-post__badge\">\u0440\u0430\u0441\u0442\u0435\u043d\u0438\u044f<\/div>\n\t\t\t\t<div class=\"elementor-post__text\">\n\t\t\t\t<h3 class=\"elementor-post__title\">\n\t\t\t<a href=\"https:\/\/stoller.com.tr\/ru\/bag-uygulamalari\/\" >\n\t\t\t\t\u041f\u0420\u0418\u041c\u0415\u041d\u0415\u041d\u0418\u042f \u0412\u0418\u041d\u041e\u0413\u0420\u0410\u0414\u041d\u0418\u041a\u041e\u0412\t\t\t<\/a>\n\t\t<\/h3>\n\t\t\t\t<div class=\"elementor-post__excerpt\">\n\t\t\t<p>\u041f\u0420\u0418\u041c\u0415\u041d\u0415\u041d\u0418\u042f \u0412\u0418\u041d\u041e\u0413\u0420\u0410\u0414\u041d\u0418\u041a\u041e\u0412 \u0412 \u043d\u0430\u0448\u0435\u0439 \u044d\u0440\u0435, \u0441\u043e\u0437\u0434\u0430\u0442\u044c \u0432\u0438\u043d\u043e\u0433\u0440\u0430\u0434\u043d\u0438\u043a \u0441 \u0438\u0441\u043f\u043e\u043b\u044c\u0437\u043e\u0432\u0430\u043d\u0438\u0435\u043c \u0441\u043e\u0432\u0440\u0435\u043c\u0435\u043d\u043d\u044b\u0445 \u043c\u0435\u0442\u043e\u0434\u043e\u0432 \u0432\u044b\u0440\u0430\u0449\u0438\u0432\u0430\u043d\u0438\u044f \u0442\u0440\u0435\u0431\u0443\u0435\u0442 \u0445\u043e\u0440\u043e\u0448\u0435\u0433\u043e \u043f\u043b\u0430\u043d\u0438\u0440\u043e\u0432\u0430\u043d\u0438\u044f \u043f\u0440\u0435\u0436\u0434\u0435 \u0432\u0441\u0435\u0433\u043e. \u0415\u0441\u043b\u0438 \u043f\u0440\u0435\u0434\u0432\u0430\u0440\u0438\u0442\u0435\u043b\u044c\u043d\u043e\u0435 \u043f\u043b\u0430\u043d\u0438\u0440\u043e\u0432\u0430\u043d\u0438\u0435 \u043f\u043e\u0441\u0435\u0432\u044b \u0431\u0443\u0434\u0435\u0442 \u0441\u0434\u0435\u043b\u0430\u043d\u043e \u043b\u0443\u0447\u0448\u0435, \u0442\u0435\u043c<\/p>\n\t\t<\/div>\n\t\t\n\t\t<a class=\"elementor-post__read-more\" href=\"https:\/\/stoller.com.tr\/ru\/bag-uygulamalari\/\" >\n\t\t\tRead More \u00bb\t\t<\/a>\n\n\t\t\t\t<\/div>\n\t\t\t\t\t<\/div>\n\t\t<\/article>\n\t\t\t\t<\/div>\n\n\n\t\t\n\t\t\t\t<div class=\"e-load-more-anchor\" data-page=\"1\" data-max-page=\"4\" data-next-page=\"https:\/\/stoller.com.tr\/ru\/wp-json\/wp\/v2\/pages\/1343\/page\/2\/\"><\/div>\n\t\t\t\t<nav class=\"elementor-pagination\" role=\"navigation\" aria-label=\"Pagination\">\n\t\t\t<span aria-current=\"page\" class=\"page-numbers current\"><span class=\"elementor-screen-only\">Page<\/span>1<\/span>\n<a class=\"page-numbers\" href=\"https:\/\/stoller.com.tr\/ru\/wp-json\/wp\/v2\/pages\/1343\/page\/2\/\"><span class=\"elementor-screen-only\">Page<\/span>2<\/a>\n<a class=\"page-numbers\" href=\"https:\/\/stoller.com.tr\/ru\/wp-json\/wp\/v2\/pages\/1343\/page\/3\/\"><span class=\"elementor-screen-only\">Page<\/span>3<\/a>\n<a class=\"page-numbers\" href=\"https:\/\/stoller.com.tr\/ru\/wp-json\/wp\/v2\/pages\/1343\/page\/4\/\"><span class=\"elementor-screen-only\">Page<\/span>4<\/a>\t\t<\/nav>\n\t\t\t\t\t\t<\/div>\n\t\t\t\t<\/div>\n\t\t\t\t\t<\/div>\n\t\t<\/div>\n\t\t\t\t\t<\/div>\n\t\t<\/section>\n\t\t\t\t<\/div>\n\t\t","protected":false},"excerpt":{"rendered":"","protected":false},"author":1,"featured_media":0,"parent":0,"menu_order":0,"comment_status":"closed","ping_status":"closed","template":"","meta":{"site-sidebar-layout":"no-sidebar","site-content-layout":"page-builder","ast-site-content-layout":"default","site-content-style":"default","site-sidebar-style":"default","ast-global-header-display":"","ast-banner-title-visibility":"","ast-main-header-display":"","ast-hfb-above-header-display":"","ast-hfb-below-header-display":"","ast-hfb-mobile-header-display":"","site-post-title":"disabled","ast-breadcrumbs-content":"","ast-featured-img":"disabled","footer-sml-layout":"","theme-transparent-header-meta":"","adv-header-id-meta":"","stick-header-meta":"","header-above-stick-meta":"","header-main-stick-meta":"","header-below-stick-meta":"","astra-migrate-meta-layouts":"default","ast-page-background-enabled":"default","ast-page-background-meta":{"desktop":{"background-color":"","background-image":"","background-repeat":"repeat","background-position":"center center","background-size":"auto","background-attachment":"scroll","background-type":"","background-media":"","overlay-type":"","overlay-color":"","overlay-opacity":"","overlay-gradient":""},"tablet":{"background-color":"","background-image":"","background-repeat":"repeat","background-position":"center center","background-size":"auto","background-attachment":"scroll","background-type":"","background-media":"","overlay-type":"","overlay-color":"","overlay-opacity":"","overlay-gradient":""},"mobile":{"background-color":"","background-image":"","background-repeat":"repeat","background-position":"center center","background-size":"auto","background-attachment":"scroll","background-type":"","background-media":"","overlay-type":"","overlay-color":"","overlay-opacity":"","overlay-gradient":""}},"ast-content-background-meta":{"desktop":{"background-color":"var(--ast-global-color-5)","background-image":"","background-repeat":"repeat","background-position":"center center","background-size":"auto","background-attachment":"scroll","background-type":"","background-media":"","overlay-type":"","overlay-color":"","overlay-opacity":"","overlay-gradient":""},"tablet":{"background-color":"var(--ast-global-color-5)","background-image":"","background-repeat":"repeat","background-position":"center center","background-size":"auto","background-attachment":"scroll","background-type":"","background-media":"","overlay-type":"","overlay-color":"","overlay-opacity":"","overlay-gradient":""},"mobile":{"background-color":"var(--ast-global-color-5)","background-image":"","background-repeat":"repeat","background-position":"center center","background-size":"auto","background-attachment":"scroll","background-type":"","background-media":"","overlay-type":"","overlay-color":"","overlay-opacity":"","overlay-gradient":""}},"footnotes":""},"class_list":["post-1343","page","type-page","status-publish","hentry"],"_links":{"self":[{"href":"https:\/\/stoller.com.tr\/ru\/wp-json\/wp\/v2\/pages\/1343","targetHints":{"allow":["GET"]}}],"collection":[{"href":"https:\/\/stoller.com.tr\/ru\/wp-json\/wp\/v2\/pages"}],"about":[{"href":"https:\/\/stoller.com.tr\/ru\/wp-json\/wp\/v2\/types\/page"}],"author":[{"embeddable":true,"href":"https:\/\/stoller.com.tr\/ru\/wp-json\/wp\/v2\/users\/1"}],"replies":[{"embeddable":true,"href":"https:\/\/stoller.com.tr\/ru\/wp-json\/wp\/v2\/comments?post=1343"}],"version-history":[{"count":7,"href":"https:\/\/stoller.com.tr\/ru\/wp-json\/wp\/v2\/pages\/1343\/revisions"}],"predecessor-version":[{"id":3813,"href":"https:\/\/stoller.com.tr\/ru\/wp-json\/wp\/v2\/pages\/1343\/revisions\/3813"}],"wp:attachment":[{"href":"https:\/\/stoller.com.tr\/ru\/wp-json\/wp\/v2\/media?parent=1343"}],"curies":[{"name":"wp","href":"https:\/\/api.w.org\/{rel}","templated":true}]}}